{"id":3801,"date":"2025-02-07T22:13:21","date_gmt":"2025-02-07T22:13:21","guid":{"rendered":"https:\/\/mysmartservice.tn\/?post_type=product&#038;p=3801"},"modified":"2025-02-07T22:29:47","modified_gmt":"2025-02-07T22:29:47","slug":"pc-portable-gamer-lenovo-legion-pro-5-16irx9-i9-14e-gen-32go-rtx-4060","status":"publish","type":"product","link":"https:\/\/mysmartservice.tn\/en\/product\/pc-portable-gamer-lenovo-legion-pro-5-16irx9-i9-14e-gen-32go-rtx-4060\/","title":{"rendered":"LENOVO Legion Pro 5 16IRX9 i9 14th Gen 32GB RTX 4060 Gaming Laptop"},"content":{"rendered":"","protected":false},"excerpt":{"rendered":"<p>Screen <span style=\"color: #ff0000;\"><strong>16&Prime; WQXGA IPS, 240 Hz<\/strong>\u00a0<\/span>\u2013 Processor:\u00a0<span style=\"color: #3366ff;\"><strong>Intel Core\u00a0i9 14900HX<\/strong><\/span><strong>\u00a0<\/strong>(Up to\u00a0<strong>5.8 GHz Turbo max<\/strong>,\u00a0<strong>36Mo\u00a0<\/strong>cache memory,\u00a0<strong>24-Cores<\/strong>) \u2013 Operating system:\u00a0<span style=\"color: #ff0000;\"><strong>FreeDos<\/strong><\/span><strong>\u00a0<\/strong>\u2013 RAM memory:\u00a0<strong><span style=\"color: #3366ff;\">32Go\u00a0DDR5-5600<\/span>\u00a0<\/strong>\u2013 Hard Drive:\u00a0<strong><span style=\"color: #ff0000;\">1TB SSD<\/span>\u00a0<\/strong>\u2013 Graphics Card:\u00a0<span style=\"color: #3366ff;\"><strong>NVIDIA GeForce RTX 4060<\/strong><\/span>\u00a0(<strong>8GB<\/strong>\u00a0dedicated memory\u00a0<strong>GDDR6<\/strong>) avec Wi-Fi, Bluetooth, 4x USB-A 3.2 Gen 1, 2x USB-C 3.2 Gen 2, 1x HDMI 2.1, 1x RJ-45, 1x prise combin\u00e9e casque\/microphone (3,5 mm), 1x connecteur d&rsquo;alimentation &#8211;\u00a0<strong>Clavier R\u00e9tro\u00e9clair\u00e9 RVB 4 zones\u00a0<\/strong>\u2013 Color: Gray \u2013\u00a0<span style=\"color: #ff0000;\"><strong>Garantie: 2 ans<\/strong><\/span><\/p>\n<p><span style=\"color: #ff00ff;\"><strong>+ Tapis de souris Lenovo Legion Gaming Speed \u200b\u200bM<\/strong><\/span><\/p>\n<p><span style=\"color: #ff00ff;\"><strong>+ Souris de jeu RVB Lenovo Legion M300s RGB<\/strong><\/span><\/p>","protected":false},"featured_media":3805,"comment_status":"open","ping_status":"closed","template":"","meta":[],"store":[197],"product_brand":[],"product_cat":[51,371],"product_tag":[],"class_list":{"0":"post-3801","1":"product","2":"type-product","3":"status-publish","4":"has-post-thumbnail","6":"store-lenovo","7":"product_cat-informatique","8":"product_cat-pc-gamer","10":"first","11":"instock","12":"shipping-taxable","13":"purchasable","14":"product-type-simple"},"_links":{"self":[{"href":"https:\/\/mysmartservice.tn\/en\/wp-json\/wp\/v2\/product\/3801","targetHints":{"allow":["GET"]}}],"collection":[{"href":"https:\/\/mysmartservice.tn\/en\/wp-json\/wp\/v2\/product"}],"about":[{"href":"https:\/\/mysmartservice.tn\/en\/wp-json\/wp\/v2\/types\/product"}],"replies":[{"embeddable":true,"href":"https:\/\/mysmartservice.tn\/en\/wp-json\/wp\/v2\/comments?post=3801"}],"wp:featuredmedia":[{"embeddable":true,"href":"https:\/\/mysmartservice.tn\/en\/wp-json\/wp\/v2\/media\/3805"}],"wp:attachment":[{"href":"https:\/\/mysmartservice.tn\/en\/wp-json\/wp\/v2\/media?parent=3801"}],"wp:term":[{"taxonomy":"store","embeddable":true,"href":"https:\/\/mysmartservice.tn\/en\/wp-json\/wp\/v2\/store?post=3801"},{"taxonomy":"product_brand","embeddable":true,"href":"https:\/\/mysmartservice.tn\/en\/wp-json\/wp\/v2\/product_brand?post=3801"},{"taxonomy":"product_cat","embeddable":true,"href":"https:\/\/mysmartservice.tn\/en\/wp-json\/wp\/v2\/product_cat?post=3801"},{"taxonomy":"product_tag","embeddable":true,"href":"https:\/\/mysmartservice.tn\/en\/wp-json\/wp\/v2\/product_tag?post=3801"}],"curies":[{"name":"wp","href":"https:\/\/api.w.org\/{rel}","templated":true}]}}