{"id":3790,"date":"2025-02-07T21:52:55","date_gmt":"2025-02-07T21:52:55","guid":{"rendered":"https:\/\/mysmartservice.tn\/?post_type=product&#038;p=3790"},"modified":"2025-02-07T22:27:29","modified_gmt":"2025-02-07T22:27:29","slug":"pc-portable-gamer-lenovo-loq-15irx9-i7-13eme-gen-16g-rtx-3050","status":"publish","type":"product","link":"https:\/\/mysmartservice.tn\/en\/product\/pc-portable-gamer-lenovo-loq-15irx9-i7-13eme-gen-16g-rtx-3050\/","title":{"rendered":"LENOVO LOQ 15IRX9 i7 13th Gen 16G RTX 3050 Gaming Laptop PC"},"content":{"rendered":"","protected":false},"excerpt":{"rendered":"<p>Screen\u00a0<span style=\"color: #ff0000;\"><strong>15.6&Prime; Full HD IPS, 144Hz<\/strong><\/span>\u00a0\u2013 Processor:\u00a0<span style=\"color: #3366ff;\"><strong>Intel Core\u00a0i7-13650HX<\/strong><strong>\u00a0<\/strong><\/span>(<strong>Up to<\/strong>\u00a0<strong>4.90 GHz Turbo max\u00a0<\/strong>,\u00a0<strong>24Mo\u00a0<\/strong>cache memory,\u00a0<strong>14-Cores<\/strong>) \u2013 Operating system:<span style=\"color: #ff0000;\">\u00a0<strong>FreeDos\u00a0<\/strong><\/span>\u2013 RAM memory:\u00a0<span style=\"color: #3366ff;\"><strong>16Go\u00a0DDR5-4800\u00a0<\/strong><\/span>\u2013 Hard Drive:\u00a0<strong><span style=\"color: #3366ff;\">512GB SSD<\/span>\u00a0<\/strong>\u2013 Graphics Card:<span style=\"color: #ff0000;\">\u00a0<strong>NVIDIA GeForce RTX 3050<\/strong>\u00a0<\/span>(<strong>6Go<\/strong>\u00a0dedicated memory\u00a0<strong>GDDR6<\/strong>) avec Wi-Fi, Bluetooth, 3x USB-A 3.2 Gen 1, 1x USB-C 3.2 Gen 2 avec DisplayPort, 1x HDMI 2.1, 1x RJ-45, 1x prise combo casque\/microphone (3,5 mm), 1x connecteur d&rsquo;alimentation &#8211;\u00a0<strong>Clavier<\/strong>\u00a0<strong>R\u00e9tro\u00e9clair\u00e9 blanc<\/strong><strong>\u00a0<\/strong>&#8211; Couleur: Luna Gris &#8211;\u00a0<span style=\"color: #ff0000;\"><strong>Garantie: 2 ans<\/strong><\/span><\/p>\n<p><span style=\"color: #ff00ff;\"><strong>+ Souris RVB Lenovo LOQ M100<\/strong><\/span><\/p>\n<p><span style=\"color: #ff00ff;\"><strong>+ Casque Gaming d&rsquo;une valeur de 200 DT<\/strong><\/span><\/p>","protected":false},"featured_media":3795,"comment_status":"open","ping_status":"closed","template":"","meta":[],"store":[197],"product_brand":[],"product_cat":[51,371],"product_tag":[],"class_list":{"0":"post-3790","1":"product","2":"type-product","3":"status-publish","4":"has-post-thumbnail","6":"store-lenovo","7":"product_cat-informatique","8":"product_cat-pc-gamer","10":"first","11":"instock","12":"shipping-taxable","13":"purchasable","14":"product-type-simple"},"_links":{"self":[{"href":"https:\/\/mysmartservice.tn\/en\/wp-json\/wp\/v2\/product\/3790","targetHints":{"allow":["GET"]}}],"collection":[{"href":"https:\/\/mysmartservice.tn\/en\/wp-json\/wp\/v2\/product"}],"about":[{"href":"https:\/\/mysmartservice.tn\/en\/wp-json\/wp\/v2\/types\/product"}],"replies":[{"embeddable":true,"href":"https:\/\/mysmartservice.tn\/en\/wp-json\/wp\/v2\/comments?post=3790"}],"wp:featuredmedia":[{"embeddable":true,"href":"https:\/\/mysmartservice.tn\/en\/wp-json\/wp\/v2\/media\/3795"}],"wp:attachment":[{"href":"https:\/\/mysmartservice.tn\/en\/wp-json\/wp\/v2\/media?parent=3790"}],"wp:term":[{"taxonomy":"store","embeddable":true,"href":"https:\/\/mysmartservice.tn\/en\/wp-json\/wp\/v2\/store?post=3790"},{"taxonomy":"product_brand","embeddable":true,"href":"https:\/\/mysmartservice.tn\/en\/wp-json\/wp\/v2\/product_brand?post=3790"},{"taxonomy":"product_cat","embeddable":true,"href":"https:\/\/mysmartservice.tn\/en\/wp-json\/wp\/v2\/product_cat?post=3790"},{"taxonomy":"product_tag","embeddable":true,"href":"https:\/\/mysmartservice.tn\/en\/wp-json\/wp\/v2\/product_tag?post=3790"}],"curies":[{"name":"wp","href":"https:\/\/api.w.org\/{rel}","templated":true}]}}