{"id":3780,"date":"2025-02-07T21:28:30","date_gmt":"2025-02-07T21:28:30","guid":{"rendered":"https:\/\/mysmartservice.tn\/?post_type=product&#038;p=3780"},"modified":"2025-02-07T22:25:05","modified_gmt":"2025-02-07T22:25:05","slug":"pc-portable-gamer-asus-tuf-gaming-a15-amd-ryzen-7-8g-rtx2050","status":"publish","type":"product","link":"https:\/\/mysmartservice.tn\/en\/product\/pc-portable-gamer-asus-tuf-gaming-a15-amd-ryzen-7-8g-rtx2050\/","title":{"rendered":"Gaming Laptop PC ASUS TUF Gaming A15 AMD RYZEN 7 8G RTX2050"},"content":{"rendered":"","protected":false},"excerpt":{"rendered":"<p>Screen\u00a0<span style=\"color: #ff0000;\"><strong>15.6\u2033<\/strong>\u00a0<strong>Full HD<\/strong><strong>, 144Hz\u00a0<\/strong><\/span>\u2013 Processor:<strong>\u00a0<span style=\"color: #3366ff;\">AMD Ryzen\u2122 7 7435HS\u00a0<\/span><\/strong>(<strong>3.1 GHz<\/strong>\u00a0up to\u00a0<strong>4.5 GHz Turbo max<\/strong>,<strong>\u00a016 Mo<\/strong>\u00a0cache memory,\u00a0<strong>Octa<\/strong><strong>-Core<\/strong>) &#8211;<strong>\u00a0<\/strong>Operating System:\u00a0<strong><span style=\"color: #ff0000;\">Windows 11 Home<\/span>\u00a0<\/strong>\u2013 RAM memory:<strong>\u00a0<span style=\"color: #3366ff;\">8 Go\u00a0DDR5\u00a0<\/span><\/strong>&#8211;<strong>\u00a0<\/strong>Disque Dur:\u00a0<span style=\"color: #ff0000;\"><strong>512 Go\u00a0SSD<\/strong>\u00a0&#8211;<\/span> Carte Graphique:<span style=\"color: #3366ff;\">\u00a0<\/span><strong><span style=\"color: #3366ff;\">NVIDIA GeForce RTX 2050<\/span>\u00a0<\/strong>(<strong>4GB<\/strong>\u00a0dedicated memory\u00a0<strong>GDDR6<\/strong>) avec WiFi, Bluetooth, 3x USB 3.2 Gen 1 Type-A, 1x USB 3.2 Gen 2 Type-C, 1x HDMI 2.1, 1x RJ45, 1x prise audio combin\u00e9e 3,5 mm &#8211;\u00a0<strong>Clavier Chiclet r\u00e9tro\u00e9clair\u00e9 1 zone RGB<\/strong>\u00a0\u2013 Color: Black \u2013\u00a0<span style=\"color: #ff0000;\">Warranty: 1 year<\/span><\/p>","protected":false},"featured_media":3784,"comment_status":"open","ping_status":"closed","template":"","meta":[],"store":[202],"product_brand":[],"product_cat":[51,371],"product_tag":[],"class_list":{"0":"post-3780","1":"product","2":"type-product","3":"status-publish","4":"has-post-thumbnail","6":"store-asus","7":"product_cat-informatique","8":"product_cat-pc-gamer","10":"first","11":"instock","12":"shipping-taxable","13":"purchasable","14":"product-type-simple"},"_links":{"self":[{"href":"https:\/\/mysmartservice.tn\/en\/wp-json\/wp\/v2\/product\/3780","targetHints":{"allow":["GET"]}}],"collection":[{"href":"https:\/\/mysmartservice.tn\/en\/wp-json\/wp\/v2\/product"}],"about":[{"href":"https:\/\/mysmartservice.tn\/en\/wp-json\/wp\/v2\/types\/product"}],"replies":[{"embeddable":true,"href":"https:\/\/mysmartservice.tn\/en\/wp-json\/wp\/v2\/comments?post=3780"}],"wp:featuredmedia":[{"embeddable":true,"href":"https:\/\/mysmartservice.tn\/en\/wp-json\/wp\/v2\/media\/3784"}],"wp:attachment":[{"href":"https:\/\/mysmartservice.tn\/en\/wp-json\/wp\/v2\/media?parent=3780"}],"wp:term":[{"taxonomy":"store","embeddable":true,"href":"https:\/\/mysmartservice.tn\/en\/wp-json\/wp\/v2\/store?post=3780"},{"taxonomy":"product_brand","embeddable":true,"href":"https:\/\/mysmartservice.tn\/en\/wp-json\/wp\/v2\/product_brand?post=3780"},{"taxonomy":"product_cat","embeddable":true,"href":"https:\/\/mysmartservice.tn\/en\/wp-json\/wp\/v2\/product_cat?post=3780"},{"taxonomy":"product_tag","embeddable":true,"href":"https:\/\/mysmartservice.tn\/en\/wp-json\/wp\/v2\/product_tag?post=3780"}],"curies":[{"name":"wp","href":"https:\/\/api.w.org\/{rel}","templated":true}]}}