{"id":3775,"date":"2025-02-07T17:44:31","date_gmt":"2025-02-07T17:44:31","guid":{"rendered":"https:\/\/mysmartservice.tn\/?post_type=product&#038;p=3775"},"modified":"2025-02-07T17:56:45","modified_gmt":"2025-02-07T17:56:45","slug":"pc-portable-gamer-hp-victus-15-fa1007nk-i5-13e-gen-8go-rtx-2050","status":"publish","type":"product","link":"https:\/\/mysmartservice.tn\/en\/product\/pc-portable-gamer-hp-victus-15-fa1007nk-i5-13e-gen-8go-rtx-2050\/","title":{"rendered":"HP Victus 15-fa1007nk i5 13th Gen 8GB RTX 2050 Gaming Laptop PC"},"content":{"rendered":"","protected":false},"excerpt":{"rendered":"<p>Screen\u00a0<strong><span style=\"color: #ff0000;\">15.6\u00a0\u00bb FULL HD IPS<\/span>\u00a0<\/strong>\u2013 Processor:\u00a0<span style=\"color: #3366ff;\"><strong>Intel Core<\/strong>\u00a0<strong>i5-13420H<\/strong><\/span>\u00a0(Up to<strong>\u00a04.60 GHz Turbo max<\/strong><strong>,\u00a012 Mo<\/strong>\u00a0cache memory,\u00a0<strong>Octa-Core<\/strong>) \u2013 Operating system:\u00a0<strong><span style=\"color: #ff0000;\">Windows 11 Home<\/span>\u00a0<\/strong>\u2013 RAM memory:<span style=\"color: #3366ff;\"><strong>\u00a08\u00a0<\/strong><\/span><strong><span style=\"color: #3366ff;\">Go\u00a0DDR4-3200 MHz<\/span>\u00a0<\/strong>\u2013 Hard Drive:<strong>\u00a0<span style=\"color: #ff0000;\">512 GB SSD\u00a0<\/span><\/strong>&#8211;\u00a0Carte Graphique:<strong>\u00a0<span style=\"color: #3366ff;\">NVIDIA GeForce RTX 2050<\/span>\u00a0<\/strong>(<strong>4GB\u00a0<\/strong>dedicated memory\u00a0<strong>GDDR6<\/strong>) avec WiFi, Bluetooth, 2x USB Type-A, 1x USB Type-C, 1x HDMI 2.1, 1x RJ-45, 1 prise secteur Smart Pin, 1 prise combin\u00e9e casque\/microphone &#8211;\u00a0<strong>Clavier r\u00e9tro\u00e9clair\u00e9, de grande taille avec pav\u00e9 num\u00e9rique<\/strong>\u00a0&#8211; Couleur: Silver Mica &#8211; <span style=\"color: #ff0000;\">Warranty: 1 year<\/span><\/p>","protected":false},"featured_media":3779,"comment_status":"open","ping_status":"closed","template":"","meta":[],"store":[200],"product_brand":[],"product_cat":[51,371],"product_tag":[],"class_list":{"0":"post-3775","1":"product","2":"type-product","3":"status-publish","4":"has-post-thumbnail","6":"store-hp","7":"product_cat-informatique","8":"product_cat-pc-gamer","10":"first","11":"instock","12":"shipping-taxable","13":"purchasable","14":"product-type-simple"},"_links":{"self":[{"href":"https:\/\/mysmartservice.tn\/en\/wp-json\/wp\/v2\/product\/3775","targetHints":{"allow":["GET"]}}],"collection":[{"href":"https:\/\/mysmartservice.tn\/en\/wp-json\/wp\/v2\/product"}],"about":[{"href":"https:\/\/mysmartservice.tn\/en\/wp-json\/wp\/v2\/types\/product"}],"replies":[{"embeddable":true,"href":"https:\/\/mysmartservice.tn\/en\/wp-json\/wp\/v2\/comments?post=3775"}],"wp:featuredmedia":[{"embeddable":true,"href":"https:\/\/mysmartservice.tn\/en\/wp-json\/wp\/v2\/media\/3779"}],"wp:attachment":[{"href":"https:\/\/mysmartservice.tn\/en\/wp-json\/wp\/v2\/media?parent=3775"}],"wp:term":[{"taxonomy":"store","embeddable":true,"href":"https:\/\/mysmartservice.tn\/en\/wp-json\/wp\/v2\/store?post=3775"},{"taxonomy":"product_brand","embeddable":true,"href":"https:\/\/mysmartservice.tn\/en\/wp-json\/wp\/v2\/product_brand?post=3775"},{"taxonomy":"product_cat","embeddable":true,"href":"https:\/\/mysmartservice.tn\/en\/wp-json\/wp\/v2\/product_cat?post=3775"},{"taxonomy":"product_tag","embeddable":true,"href":"https:\/\/mysmartservice.tn\/en\/wp-json\/wp\/v2\/product_tag?post=3775"}],"curies":[{"name":"wp","href":"https:\/\/api.w.org\/{rel}","templated":true}]}}