{"id":3766,"date":"2025-02-07T15:50:36","date_gmt":"2025-02-07T15:50:36","guid":{"rendered":"https:\/\/mysmartservice.tn\/?post_type=product&#038;p=3766"},"modified":"2025-02-07T16:29:23","modified_gmt":"2025-02-07T16:29:23","slug":"refrigerateur-newstar-460wa-460-litres-defrost-blanc","status":"publish","type":"product","link":"https:\/\/mysmartservice.tn\/en\/product\/refrigerateur-newstar-460wa-460-litres-defrost-blanc\/","title":{"rendered":"NEWSTAR 460WA 460 Liters DeFrost Refrigerator \u2013 White"},"content":{"rendered":"","protected":false},"excerpt":{"rendered":"<p>R\u00e9frig\u00e9rateur NEWSTAR &#8211;<span style=\"color: #ff0000;\">\u00a0<\/span><strong><span style=\"color: #ff0000;\">2 Doors<\/span>\u00a0<\/strong>&#8211; Syst\u00e8me de refroidissement:<strong>\u00a0<span style=\"color: #3366ff;\">DeFrost\u00a0<\/span><\/strong>&#8211; Volume brut:\u00a0<span style=\"color: #ff0000;\"><strong>460 Litres<\/strong><\/span>\u00a0&#8211; Volume net:\u00a0<span style=\"color: #3366ff;\"><strong>436 Litres<\/strong><\/span>\u00a0&#8211; Volume net du r\u00e9frig\u00e9rateur:\u00a0<span style=\"color: #ff0000;\"><strong>320 Litres<\/strong><\/span>\u00a0&#8211; Volume net du cong\u00e9lateur:\u00a0<span style=\"color: #3366ff;\"><strong>116 Litres<\/strong>\u00a0<\/span>&#8211; Classe \u00e9nerg\u00e9tique:\u00a0<strong>A++<\/strong>\u00a0&#8211; Autonomie en cas de coupure de courant:\u00a0<span style=\"color: #ff0000;\"><strong>20 heures<\/strong><\/span>\u00a0&#8211; Portes r\u00e9versibles &#8211; Pieds r\u00e9glables &#8211; Economique &#8211; Silencieuse &#8211; Haute performance &#8211;<span style=\"color: #3366ff;\">\u00a0<strong>R600a<\/strong><\/span>\u00a0&#8211; 1 Grand Bac \u00e0 l\u00e9gumes Transparent &#8211; 3 Etag\u00e8re en verre &#8211; 4 Balconnet transparent &#8211; Grand Bac \u00e0 l\u00e9gumes avec contr\u00f4le d&rsquo;humidit\u00e9 &#8211; Bac \u00e0 Gla\u00e7ons &#8211; Dimensions: H x L x P: 183 x 70 x 65 cm &#8211; Couleur: Blanc &#8211; <span style=\"color: #ff0000;\">Warranty: 1 year<\/span><\/p>","protected":false},"featured_media":3768,"comment_status":"open","ping_status":"closed","template":"","meta":[],"store":[404],"product_brand":[],"product_cat":[154,366],"product_tag":[],"class_list":{"0":"post-3766","1":"product","2":"type-product","3":"status-publish","4":"has-post-thumbnail","6":"store-newstar","7":"product_cat-electromenager","8":"product_cat-refrigerateur","10":"first","11":"instock","12":"shipping-taxable","13":"purchasable","14":"product-type-simple"},"_links":{"self":[{"href":"https:\/\/mysmartservice.tn\/en\/wp-json\/wp\/v2\/product\/3766","targetHints":{"allow":["GET"]}}],"collection":[{"href":"https:\/\/mysmartservice.tn\/en\/wp-json\/wp\/v2\/product"}],"about":[{"href":"https:\/\/mysmartservice.tn\/en\/wp-json\/wp\/v2\/types\/product"}],"replies":[{"embeddable":true,"href":"https:\/\/mysmartservice.tn\/en\/wp-json\/wp\/v2\/comments?post=3766"}],"wp:featuredmedia":[{"embeddable":true,"href":"https:\/\/mysmartservice.tn\/en\/wp-json\/wp\/v2\/media\/3768"}],"wp:attachment":[{"href":"https:\/\/mysmartservice.tn\/en\/wp-json\/wp\/v2\/media?parent=3766"}],"wp:term":[{"taxonomy":"store","embeddable":true,"href":"https:\/\/mysmartservice.tn\/en\/wp-json\/wp\/v2\/store?post=3766"},{"taxonomy":"product_brand","embeddable":true,"href":"https:\/\/mysmartservice.tn\/en\/wp-json\/wp\/v2\/product_brand?post=3766"},{"taxonomy":"product_cat","embeddable":true,"href":"https:\/\/mysmartservice.tn\/en\/wp-json\/wp\/v2\/product_cat?post=3766"},{"taxonomy":"product_tag","embeddable":true,"href":"https:\/\/mysmartservice.tn\/en\/wp-json\/wp\/v2\/product_tag?post=3766"}],"curies":[{"name":"wp","href":"https:\/\/api.w.org\/{rel}","templated":true}]}}