{"id":3763,"date":"2025-02-07T15:44:10","date_gmt":"2025-02-07T15:44:10","guid":{"rendered":"https:\/\/mysmartservice.tn\/?post_type=product&#038;p=3763"},"modified":"2025-02-07T16:28:05","modified_gmt":"2025-02-07T16:28:05","slug":"refrigerateur-newstar-3600s-360-litres-defrost-silver","status":"publish","type":"product","link":"https:\/\/mysmartservice.tn\/en\/product\/refrigerateur-newstar-3600s-360-litres-defrost-silver\/","title":{"rendered":"NEWSTAR 3600S 360 Liter DeFrost Refrigerator \u2013 Silver"},"content":{"rendered":"","protected":false},"excerpt":{"rendered":"<p>R\u00e9frig\u00e9rateur NEWSTAR &#8211;\u00a0<strong><span style=\"color: #ff0000;\">2 Doors<\/span>\u00a0<\/strong>&#8211; Syst\u00e8me de refroidissement:<strong>\u00a0<span style=\"color: #3366ff;\">DeFrost<\/span><\/strong>\u00a0&#8211; Capacit\u00e9 brut:\u00a0<strong><span style=\"color: #ff0000;\">360 Litres<\/span>\u00a0<\/strong>&#8211; Classe \u00e9nerg\u00e9tique:\u00a0<strong>A++<\/strong>\u00a0&#8211; Eclairage<span style=\"color: #3366ff;\">\u00a0<strong>LED\u00a0<\/strong>&#8211;<\/span> D\u00e9givrage automatique &#8211; Porte r\u00e9versible &#8211; Serrure de s\u00e9curit\u00e9 &#8211; 4 x Etag\u00e8re en fil &#8211; 3 x Balconnets Transparent &#8211; 1 x Grand Bac \u00e0 l\u00e9gumes en Bleu Transparent &#8211; 1 x Etag\u00e8re en fil &#8211; Pieds r\u00e9glables &#8211; Alimentation: 220 -240 \/ 50Hz\u00a0 &#8211; Dimensions: 169 x 54 x 55.1 cm &#8211; Couleur: Silver &#8211; <span style=\"color: #ff0000;\">Warranty: 1 year<\/span><\/p>","protected":false},"featured_media":3765,"comment_status":"open","ping_status":"closed","template":"","meta":[],"store":[404],"product_brand":[],"product_cat":[154,366],"product_tag":[],"class_list":{"0":"post-3763","1":"product","2":"type-product","3":"status-publish","4":"has-post-thumbnail","6":"store-newstar","7":"product_cat-electromenager","8":"product_cat-refrigerateur","10":"first","11":"instock","12":"shipping-taxable","13":"purchasable","14":"product-type-simple"},"_links":{"self":[{"href":"https:\/\/mysmartservice.tn\/en\/wp-json\/wp\/v2\/product\/3763","targetHints":{"allow":["GET"]}}],"collection":[{"href":"https:\/\/mysmartservice.tn\/en\/wp-json\/wp\/v2\/product"}],"about":[{"href":"https:\/\/mysmartservice.tn\/en\/wp-json\/wp\/v2\/types\/product"}],"replies":[{"embeddable":true,"href":"https:\/\/mysmartservice.tn\/en\/wp-json\/wp\/v2\/comments?post=3763"}],"wp:featuredmedia":[{"embeddable":true,"href":"https:\/\/mysmartservice.tn\/en\/wp-json\/wp\/v2\/media\/3765"}],"wp:attachment":[{"href":"https:\/\/mysmartservice.tn\/en\/wp-json\/wp\/v2\/media?parent=3763"}],"wp:term":[{"taxonomy":"store","embeddable":true,"href":"https:\/\/mysmartservice.tn\/en\/wp-json\/wp\/v2\/store?post=3763"},{"taxonomy":"product_brand","embeddable":true,"href":"https:\/\/mysmartservice.tn\/en\/wp-json\/wp\/v2\/product_brand?post=3763"},{"taxonomy":"product_cat","embeddable":true,"href":"https:\/\/mysmartservice.tn\/en\/wp-json\/wp\/v2\/product_cat?post=3763"},{"taxonomy":"product_tag","embeddable":true,"href":"https:\/\/mysmartservice.tn\/en\/wp-json\/wp\/v2\/product_tag?post=3763"}],"curies":[{"name":"wp","href":"https:\/\/api.w.org\/{rel}","templated":true}]}}