{"id":3760,"date":"2025-02-07T15:34:05","date_gmt":"2025-02-07T15:34:05","guid":{"rendered":"https:\/\/mysmartservice.tn\/?post_type=product&#038;p=3760"},"modified":"2025-02-07T15:40:49","modified_gmt":"2025-02-07T15:40:49","slug":"refrigerateur-brandt-bde6210bs-600-l-statique-ventile","status":"publish","type":"product","link":"https:\/\/mysmartservice.tn\/en\/product\/refrigerateur-brandt-bde6210bs-600-l-statique-ventile\/","title":{"rendered":"BRANDT BDE6210BS 600 L Static Ventilated Refrigerator"},"content":{"rendered":"","protected":false},"excerpt":{"rendered":"<p>R\u00e9frig\u00e9rateur BRANDT &#8211;\u00a0<span style=\"color: #ff0000;\"><strong>2 portes<\/strong>\u00a0<\/span>&#8211; Syst\u00e8me de refroidissement:\u00a0<strong><span style=\"color: #3366ff;\">Statique Ventil\u00e9<\/span>\u00a0<\/strong>&#8211; Volume brut:<span style=\"color: #ff0000;\">\u00a0<strong>600 Litres<\/strong><\/span>\u00a0&#8211; Classe \u00e9nerg\u00e9tique:\u00a0<strong>A+++<\/strong>\u00a0&#8211; D\u00e9givrage: <span style=\"color: #3366ff;\">Automatique<\/span> &#8211; Cong\u00e9lation rapide &#8211; 1x tirroir R\u00e9frig\u00e9rateur &#8211; 4x \u00e9tag\u00e8res &#8211; 2x tiroirs Cong\u00e9lateur &#8211; Dimensions (H x L x P): 187 x 73.5 x 67.5 cm &#8211; Couleur: Silver &#8211;<span style=\"color: #ff0000;\">\u00a0<strong>Garantie 2 ans<\/strong><\/span><\/p>","protected":false},"featured_media":3762,"comment_status":"open","ping_status":"closed","template":"","meta":[],"store":[390],"product_brand":[],"product_cat":[154,366],"product_tag":[],"class_list":{"0":"post-3760","1":"product","2":"type-product","3":"status-publish","4":"has-post-thumbnail","6":"store-brandt","7":"product_cat-electromenager","8":"product_cat-refrigerateur","10":"first","11":"instock","12":"shipping-taxable","13":"purchasable","14":"product-type-simple"},"_links":{"self":[{"href":"https:\/\/mysmartservice.tn\/en\/wp-json\/wp\/v2\/product\/3760","targetHints":{"allow":["GET"]}}],"collection":[{"href":"https:\/\/mysmartservice.tn\/en\/wp-json\/wp\/v2\/product"}],"about":[{"href":"https:\/\/mysmartservice.tn\/en\/wp-json\/wp\/v2\/types\/product"}],"replies":[{"embeddable":true,"href":"https:\/\/mysmartservice.tn\/en\/wp-json\/wp\/v2\/comments?post=3760"}],"wp:featuredmedia":[{"embeddable":true,"href":"https:\/\/mysmartservice.tn\/en\/wp-json\/wp\/v2\/media\/3762"}],"wp:attachment":[{"href":"https:\/\/mysmartservice.tn\/en\/wp-json\/wp\/v2\/media?parent=3760"}],"wp:term":[{"taxonomy":"store","embeddable":true,"href":"https:\/\/mysmartservice.tn\/en\/wp-json\/wp\/v2\/store?post=3760"},{"taxonomy":"product_brand","embeddable":true,"href":"https:\/\/mysmartservice.tn\/en\/wp-json\/wp\/v2\/product_brand?post=3760"},{"taxonomy":"product_cat","embeddable":true,"href":"https:\/\/mysmartservice.tn\/en\/wp-json\/wp\/v2\/product_cat?post=3760"},{"taxonomy":"product_tag","embeddable":true,"href":"https:\/\/mysmartservice.tn\/en\/wp-json\/wp\/v2\/product_tag?post=3760"}],"curies":[{"name":"wp","href":"https:\/\/api.w.org\/{rel}","templated":true}]}}