{"id":3731,"date":"2025-02-05T23:16:48","date_gmt":"2025-02-05T23:16:48","guid":{"rendered":"https:\/\/mysmartservice.tn\/?post_type=product&#038;p=3731"},"modified":"2025-02-06T23:18:11","modified_gmt":"2025-02-06T23:18:11","slug":"tv-toshiba-50-smart-android-u5965-uhd-4k","status":"publish","type":"product","link":"https:\/\/mysmartservice.tn\/en\/product\/tv-toshiba-50-smart-android-u5965-uhd-4k\/","title":{"rendered":"TV TOSHIBA 50 \u00bb Smart Android U5965 UHD 4K"},"content":{"rendered":"","protected":false},"excerpt":{"rendered":"<p>Tv TOSHIBA 50&Prime;<span style=\"color: #ff0000;\">\u00a0<strong>Smart Android<\/strong>\u00a0<\/span>U5965\u00a0<span style=\"color: #3366ff;\"><strong>UHD\u00a04K<\/strong>\u00a0<\/span><strong><span style=\"color: #3366ff;\">avec r\u00e9cepteur int\u00e9gr\u00e9<\/span>\u00a0<\/strong>- Resolution:<span style=\"color: #ff0000;\">\u00a0<strong>3840 x 2160<\/strong><strong>pixels\u00a0<\/strong>&#8211;\u00a0<\/span><span style=\"color: #3366ff;\"><strong>Moteur vid\u00e9o MOTEUR CEVO 4K\u00a0<\/strong><\/span>&#8211; Luminosit\u00e9 400 cd\/m\u00b2<strong>\u00a0&#8211;\u00a0<\/strong>Puissance haut Parleur:<strong><span style=\"color: #ff0000;\">\u00a02x 12W<\/span>\u00a0&#8211;\u00a0<span style=\"color: #3366ff;\">Dolby Vision &#8211; Audio Dolby Digital Plus<\/span>\u00a0&#8211; Son Surround &#8211; 6 modes son &#8211; Traitement vid\u00e9o 8bits + FRC\u00a0<\/strong>\u2013 Connectivity:\u00a0<strong><span style=\"color: #ff0000;\">WiFi\u00a0<\/span>&#8211;\u00a0<\/strong>Connecteurs: 3x HDMI, 2x USB, RJ 45 &#8211;\u00a0<span style=\"color: #ff0000;\"><strong>Garantie 3 ans<\/strong><\/span><\/p>","protected":false},"featured_media":3734,"comment_status":"open","ping_status":"closed","template":"","meta":[],"store":[361],"product_brand":[],"product_cat":[154,331],"product_tag":[],"class_list":{"0":"post-3731","1":"product","2":"type-product","3":"status-publish","4":"has-post-thumbnail","6":"store-toshiba","7":"product_cat-electromenager","8":"product_cat-tv","10":"first","11":"instock","12":"shipping-taxable","13":"purchasable","14":"product-type-simple"},"_links":{"self":[{"href":"https:\/\/mysmartservice.tn\/en\/wp-json\/wp\/v2\/product\/3731","targetHints":{"allow":["GET"]}}],"collection":[{"href":"https:\/\/mysmartservice.tn\/en\/wp-json\/wp\/v2\/product"}],"about":[{"href":"https:\/\/mysmartservice.tn\/en\/wp-json\/wp\/v2\/types\/product"}],"replies":[{"embeddable":true,"href":"https:\/\/mysmartservice.tn\/en\/wp-json\/wp\/v2\/comments?post=3731"}],"wp:featuredmedia":[{"embeddable":true,"href":"https:\/\/mysmartservice.tn\/en\/wp-json\/wp\/v2\/media\/3734"}],"wp:attachment":[{"href":"https:\/\/mysmartservice.tn\/en\/wp-json\/wp\/v2\/media?parent=3731"}],"wp:term":[{"taxonomy":"store","embeddable":true,"href":"https:\/\/mysmartservice.tn\/en\/wp-json\/wp\/v2\/store?post=3731"},{"taxonomy":"product_brand","embeddable":true,"href":"https:\/\/mysmartservice.tn\/en\/wp-json\/wp\/v2\/product_brand?post=3731"},{"taxonomy":"product_cat","embeddable":true,"href":"https:\/\/mysmartservice.tn\/en\/wp-json\/wp\/v2\/product_cat?post=3731"},{"taxonomy":"product_tag","embeddable":true,"href":"https:\/\/mysmartservice.tn\/en\/wp-json\/wp\/v2\/product_tag?post=3731"}],"curies":[{"name":"wp","href":"https:\/\/api.w.org\/{rel}","templated":true}]}}