{"id":3694,"date":"2025-02-05T14:18:02","date_gmt":"2025-02-05T14:18:02","guid":{"rendered":"https:\/\/mysmartservice.tn\/?post_type=product&#038;p=3694"},"modified":"2025-02-07T00:02:14","modified_gmt":"2025-02-07T00:02:14","slug":"smartphone-oppo-reno11-f-5g-8go-256go-bleu-ocean","status":"publish","type":"product","link":"https:\/\/mysmartservice.tn\/en\/product\/smartphone-oppo-reno11-f-5g-8go-256go-bleu-ocean\/","title":{"rendered":"OPPO Reno11 F 5G 8GB 256GB Smartphone \u2013 Ocean Blue"},"content":{"rendered":"","protected":false},"excerpt":{"rendered":"<p>Screen\u00a0<span style=\"color: #ff0000;\"><strong>6.7&Prime; AMOLED\u00a0<\/strong><\/span><strong><span style=\"color: #ff0000;\">(1080 x 2412pixels,FHD+ )<\/span>, <span style=\"color: #3366ff;\">120 Hz, HDR10<\/span>+\u00a0<\/strong><strong>&#8211;\u00a0<\/strong>Processor:<strong>\u00a0<span style=\"color: #ff0000;\"><span style=\"color: #000000;\">MediaTek Dimensit\u00e9<\/span> 7050 (6nm)\u00a0Octa-core<\/span>\u00a0<\/strong>(Cortex-A78 2&#215;2,6 GHz et Cortex-A55 6&#215;2,0 GHz)<strong>\u00a0<\/strong>\u2013 Operating system:<strong>\u00a0<span style=\"color: #3366ff;\">Android 14, ColorOS 14<\/span><\/strong><span style=\"color: #3366ff;\">\u00a0<\/span>\u2013 RAM memory:<strong><span style=\"color: #ff0000;\">\u00a08Go (extensible jusqu&rsquo;\u00e0 16Go)<\/span>\u00a0<\/strong>- Storage:\u00a0<span style=\"color: #ff0000;\"><strong>256 GB<\/strong><\/span>\u00a0&#8211; Cam\u00e9ra arri\u00e8re:<span style=\"color: #3366ff;\">\u00a0<strong><span style=\"color: #000000;\">Ultra claire<\/span> 64MP, f\/1.7 + 8MP, f\/2.2 + 2MP f\/2.4<\/strong><\/span>\u00a0&#8211; Avant:\u00a0<span style=\"color: #ff0000;\"><strong>32MP<\/strong><\/span>, f\/2.4 &#8211; Vid\u00e9o 4K &#8211;\u00a0<strong>Eraser AI<\/strong>\u00a0\u2013 Connectivity:<span style=\"color: #3366ff;\">\u00a0<\/span><strong><span style=\"color: #3366ff;\">WiFi 6, 5G<\/span>,\u00a0<\/strong>Bluetooth 5.2 &#8211;<strong>\u00a0<span style=\"color: #ff0000;\">Reconnaissance faciale, Empreinte digitale &#8211; NFC<\/span><\/strong><span style=\"color: #ff0000;\">\u00a0<\/span>- Battery:<span style=\"color: #3366ff;\">\u00a0<\/span><strong><span style=\"color: #3366ff;\">5000 mAh &#8211; Charge flash SuperVOOC 67W<\/span>\u00a0<\/strong>&#8211; R\u00e9sistant \u00e0 l&rsquo;eau et \u00e0 la poussi\u00e8re:\u00a0<span style=\"color: #ff0000;\"><strong>IP65<\/strong><\/span>\u00a0&#8211; Couleur: Bleu Oc\u00e9an &#8211;\u00a0<span style=\"color: #ff0000;\"><strong>Warranty: 2 years<\/strong><\/span><\/p>\n<p><span style=\"color: #ff00ff;\"><strong>+ Abonnement 12 Mois OFFERT<\/strong><\/span><\/p>","protected":false},"featured_media":3699,"comment_status":"open","ping_status":"closed","template":"","meta":[],"store":[204],"product_brand":[],"product_cat":[94,107],"product_tag":[],"class_list":{"0":"post-3694","1":"product","2":"type-product","3":"status-publish","4":"has-post-thumbnail","6":"store-oppo","7":"product_cat-telephonie-et-montre-connecte","8":"product_cat-smart-phones","10":"first","11":"instock","12":"sale","13":"shipping-taxable","14":"purchasable","15":"product-type-simple"},"_links":{"self":[{"href":"https:\/\/mysmartservice.tn\/en\/wp-json\/wp\/v2\/product\/3694","targetHints":{"allow":["GET"]}}],"collection":[{"href":"https:\/\/mysmartservice.tn\/en\/wp-json\/wp\/v2\/product"}],"about":[{"href":"https:\/\/mysmartservice.tn\/en\/wp-json\/wp\/v2\/types\/product"}],"replies":[{"embeddable":true,"href":"https:\/\/mysmartservice.tn\/en\/wp-json\/wp\/v2\/comments?post=3694"}],"wp:featuredmedia":[{"embeddable":true,"href":"https:\/\/mysmartservice.tn\/en\/wp-json\/wp\/v2\/media\/3699"}],"wp:attachment":[{"href":"https:\/\/mysmartservice.tn\/en\/wp-json\/wp\/v2\/media?parent=3694"}],"wp:term":[{"taxonomy":"store","embeddable":true,"href":"https:\/\/mysmartservice.tn\/en\/wp-json\/wp\/v2\/store?post=3694"},{"taxonomy":"product_brand","embeddable":true,"href":"https:\/\/mysmartservice.tn\/en\/wp-json\/wp\/v2\/product_brand?post=3694"},{"taxonomy":"product_cat","embeddable":true,"href":"https:\/\/mysmartservice.tn\/en\/wp-json\/wp\/v2\/product_cat?post=3694"},{"taxonomy":"product_tag","embeddable":true,"href":"https:\/\/mysmartservice.tn\/en\/wp-json\/wp\/v2\/product_tag?post=3694"}],"curies":[{"name":"wp","href":"https:\/\/api.w.org\/{rel}","templated":true}]}}