{"id":3662,"date":"2025-02-03T15:42:08","date_gmt":"2025-02-03T15:42:08","guid":{"rendered":"https:\/\/mysmartservice.tn\/?post_type=product&#038;p=3662"},"modified":"2025-02-07T00:06:55","modified_gmt":"2025-02-07T00:06:55","slug":"smartphone-samsung-galaxy-a55-5g-8go-256go-bleu-marine-chargeur-secteur-45w-offert","status":"publish","type":"product","link":"https:\/\/mysmartservice.tn\/en\/product\/smartphone-samsung-galaxy-a55-5g-8go-256go-bleu-marine-chargeur-secteur-45w-offert\/","title":{"rendered":"SAMSUNG GALAXY A55 5G 8GB 256GB Navy Blue Smartphone + Free 45W Mains Charger"},"content":{"rendered":"<p>&nbsp;<\/p>\n<p>&nbsp;<\/p>","protected":false},"excerpt":{"rendered":"<p>Screen<strong>\u00a0<span style=\"color: #ff0000;\">6.6&Prime; Super AMOLED\u00a0<\/span>(1080 x 2340px, FHD+)\u00a0<span style=\"color: #3366ff;\">120 Hz, HDR10<\/span>+\u00a0<\/strong><strong>&#8211;<\/strong>\u00a0Corning Gorilla Glass Victus+ &#8211; Syst\u00e8me d&rsquo;exploitation:\u00a0<strong><span style=\"color: #ff0000;\">Android 14.0<\/span>\u00a0<\/strong>\u2013 Processor:<strong>\u00a0<span style=\"color: #3366ff;\">Exynos 1480 (4 nm) Octa-core<\/span>\u00a02.75GHz, 2GHz<\/strong>\u00a0&#8211;<strong>\u00a0<\/strong>RAM memory:<span style=\"color: #ff0000;\">\u00a0<\/span><strong><span style=\"color: #ff0000;\">8GB<\/span>\u00a0<\/strong>- Storage:<span style=\"color: #ff0000;\">\u00a0<strong>256Go<\/strong><\/span>\u00a0\u2013 Rear Camera:\u00a0<strong><span style=\"color: #3366ff;\">OIS 50.0 MP + 12.0 MP + 5MP<\/span>\u00a0&#8211;<\/strong>\u00a0Zoom Num\u00e9rique jusqu&rsquo;\u00e0 10x &#8211; Appareil Photo Frontale:\u00a0<strong><span style=\"color: #ff0000;\">32MP<\/span>\u00a0<\/strong>&#8211;\u00a0<strong>Vid\u00e9o UHD 4K (3840 x 2160 pixels)<\/strong>\u00a0\u2013 Connectivity:\u00a0<strong><span style=\"color: #3366ff;\">5G<\/span>,\u00a0<\/strong>Wifi et Bluetooth 5.3 &#8211;\u00a0<span style=\"color: #ff0000;\"><strong>Empreinte digitale<\/strong>\u00a0&#8211;\u00a0<strong>NFC\u00a0<\/strong>&#8211;<\/span> S\u00e9curit\u00e9 et confidentialit\u00e9 prot\u00e9g\u00e9es par\u00a0<strong>Knox Vault &#8211;\u00a0<\/strong>Capacite de la batterie:<strong>\u00a0<span style=\"color: #3366ff;\">5000 mAh &#8211; Charge rapide 25W\u00a0<\/span><\/strong>&#8211; R\u00e9sistant \u00e0 la poussi\u00e8re et \u00e0 l&rsquo;eau\u00a0<strong>IP67\u00a0<\/strong>&#8211; Double SIM<strong>\u00a0<\/strong>&#8211; Couleur: Bleu marine &#8211;<strong>\u00a0<\/strong><span style=\"color: #ff0000;\">Warranty: 1 year<\/span><\/p>\n<p><span style=\"color: #ff00ff;\"><strong>+ Chargeur Secteur 45W Offert<\/strong><\/span><\/p>","protected":false},"featured_media":3666,"comment_status":"open","ping_status":"closed","template":"","meta":[],"store":[103],"product_brand":[],"product_cat":[94,107],"product_tag":[],"class_list":{"0":"post-3662","1":"product","2":"type-product","3":"status-publish","4":"has-post-thumbnail","6":"store-samsung","7":"product_cat-telephonie-et-montre-connecte","8":"product_cat-smart-phones","10":"first","11":"instock","12":"shipping-taxable","13":"purchasable","14":"product-type-simple"},"_links":{"self":[{"href":"https:\/\/mysmartservice.tn\/en\/wp-json\/wp\/v2\/product\/3662","targetHints":{"allow":["GET"]}}],"collection":[{"href":"https:\/\/mysmartservice.tn\/en\/wp-json\/wp\/v2\/product"}],"about":[{"href":"https:\/\/mysmartservice.tn\/en\/wp-json\/wp\/v2\/types\/product"}],"replies":[{"embeddable":true,"href":"https:\/\/mysmartservice.tn\/en\/wp-json\/wp\/v2\/comments?post=3662"}],"wp:featuredmedia":[{"embeddable":true,"href":"https:\/\/mysmartservice.tn\/en\/wp-json\/wp\/v2\/media\/3666"}],"wp:attachment":[{"href":"https:\/\/mysmartservice.tn\/en\/wp-json\/wp\/v2\/media?parent=3662"}],"wp:term":[{"taxonomy":"store","embeddable":true,"href":"https:\/\/mysmartservice.tn\/en\/wp-json\/wp\/v2\/store?post=3662"},{"taxonomy":"product_brand","embeddable":true,"href":"https:\/\/mysmartservice.tn\/en\/wp-json\/wp\/v2\/product_brand?post=3662"},{"taxonomy":"product_cat","embeddable":true,"href":"https:\/\/mysmartservice.tn\/en\/wp-json\/wp\/v2\/product_cat?post=3662"},{"taxonomy":"product_tag","embeddable":true,"href":"https:\/\/mysmartservice.tn\/en\/wp-json\/wp\/v2\/product_tag?post=3662"}],"curies":[{"name":"wp","href":"https:\/\/api.w.org\/{rel}","templated":true}]}}