{"id":3644,"date":"2025-02-03T15:05:47","date_gmt":"2025-02-03T15:05:47","guid":{"rendered":"https:\/\/mysmartservice.tn\/?post_type=product&#038;p=3644"},"modified":"2025-02-07T00:43:29","modified_gmt":"2025-02-07T00:43:29","slug":"smartphone-oppo-a3x-4-go-128-go-bleu","status":"publish","type":"product","link":"https:\/\/mysmartservice.tn\/en\/product\/smartphone-oppo-a3x-4-go-128-go-bleu\/","title":{"rendered":"Oppo A3x Smartphone \/ 4 GB \/ 128 GB \/ Blue"},"content":{"rendered":"","protected":false},"excerpt":{"rendered":"<p>Double SIM\u00a0&#8211;\u00a0<strong><span style=\"color: #ff0000;\">\u00c9cran\u00a06.67\u201d LCD HD+<\/span>,<\/strong>\u00a0Taux de rafraichissement\u00a0<span style=\"color: #3366ff;\"><strong>90 Hz,\u00a0Luminosit\u00e9\u00a01000 nits<\/strong><\/span>\u00a0&#8211;\u00a0Processeur\u00a0<span style=\"color: #ff0000;\"><strong>Snapdragon 6s Gen 1\u00a0Octa core<\/strong><\/span>,\u00a04x 2.2 Ghz + 4x 1.8 Ghz &#8211;\u00a0RAM<span style=\"color: #3366ff;\">\u00a0<strong>4\u00a0Go<\/strong><\/span>\u00a0&#8211;\u00a0Stockage\u00a0<span style=\"color: #3366ff;\"><strong>128 GB<\/strong><\/span>\u00a0&#8211;\u00a0<strong>IP54:\u00a0r\u00e9sistant \u00e0 la poussi\u00e8re et aux \u00e9claboussures Conforme \u00e0 la norme MIL-STD-810H<\/strong>\u00a0&#8211;\u00a0<strong>Cam\u00e9ra principale<\/strong><span style=\"color: #ff0000;\">\u00a0<\/span><strong><span style=\"color: #ff0000;\">8 MP avec Capteur de scintillement<\/span>\u00a0<\/strong>&#8211;\u00a0<strong>Cam\u00e9ra Avant\u00a0<span style=\"color: #ff0000;\">5 MP<\/span><\/strong><span style=\"color: #ff0000;\">\u00a0<\/span>&#8211;\u00a0Syst\u00e8me d&rsquo;exploitation\u00a0Android 14,\u00a0ColorOS 14.0 &#8211; 4G &#8211; Wifi &#8211; Bluetooth &#8211; Lecteur d&#8217;empreintes Digitales &#8211; Reconnaissance Faciale &#8211; Batterie\u00a05100 mAh &#8211;\u00a0Charge Rapide\u00a0<span style=\"color: #3366ff;\"><strong>45W\u00a0SUPERVOOC 2.0<\/strong>\u00a0<\/span>&#8211; Couleur Noir &#8211;\u00a0Garantie<span style=\"color: #ff0000;\">\u00a0<strong>2 ans<\/strong><\/span><\/p>","protected":false},"featured_media":3648,"comment_status":"open","ping_status":"closed","template":"","meta":[],"store":[204],"product_brand":[],"product_cat":[94,107],"product_tag":[],"class_list":{"0":"post-3644","1":"product","2":"type-product","3":"status-publish","4":"has-post-thumbnail","6":"store-oppo","7":"product_cat-telephonie-et-montre-connecte","8":"product_cat-smart-phones","10":"first","11":"instock","12":"shipping-taxable","13":"purchasable","14":"product-type-simple"},"_links":{"self":[{"href":"https:\/\/mysmartservice.tn\/en\/wp-json\/wp\/v2\/product\/3644","targetHints":{"allow":["GET"]}}],"collection":[{"href":"https:\/\/mysmartservice.tn\/en\/wp-json\/wp\/v2\/product"}],"about":[{"href":"https:\/\/mysmartservice.tn\/en\/wp-json\/wp\/v2\/types\/product"}],"replies":[{"embeddable":true,"href":"https:\/\/mysmartservice.tn\/en\/wp-json\/wp\/v2\/comments?post=3644"}],"wp:featuredmedia":[{"embeddable":true,"href":"https:\/\/mysmartservice.tn\/en\/wp-json\/wp\/v2\/media\/3648"}],"wp:attachment":[{"href":"https:\/\/mysmartservice.tn\/en\/wp-json\/wp\/v2\/media?parent=3644"}],"wp:term":[{"taxonomy":"store","embeddable":true,"href":"https:\/\/mysmartservice.tn\/en\/wp-json\/wp\/v2\/store?post=3644"},{"taxonomy":"product_brand","embeddable":true,"href":"https:\/\/mysmartservice.tn\/en\/wp-json\/wp\/v2\/product_brand?post=3644"},{"taxonomy":"product_cat","embeddable":true,"href":"https:\/\/mysmartservice.tn\/en\/wp-json\/wp\/v2\/product_cat?post=3644"},{"taxonomy":"product_tag","embeddable":true,"href":"https:\/\/mysmartservice.tn\/en\/wp-json\/wp\/v2\/product_tag?post=3644"}],"curies":[{"name":"wp","href":"https:\/\/api.w.org\/{rel}","templated":true}]}}