{"id":3635,"date":"2025-02-03T14:33:56","date_gmt":"2025-02-03T14:33:56","guid":{"rendered":"https:\/\/mysmartservice.tn\/?post_type=product&#038;p=3635"},"modified":"2025-02-07T00:45:53","modified_gmt":"2025-02-07T00:45:53","slug":"pc-portable-hp-probook-450-g10-i5-13e-gen-16go-512g-ssd-silver","status":"publish","type":"product","link":"https:\/\/mysmartservice.tn\/en\/product\/pc-portable-hp-probook-450-g10-i5-13e-gen-16go-512g-ssd-silver\/","title":{"rendered":"HP ProBook 450 G10 i5 13th Gen 16GB 512G SSD Laptop \u2013 Silver"},"content":{"rendered":"","protected":false},"excerpt":{"rendered":"<p>Screen<strong>\u00a0<span style=\"color: #ff0000;\">15.6&Prime; Full HD, IPS<\/span><\/strong>\u00a0\u2013 Processor:\u00a0<span style=\"color: #3366ff;\"><strong>Intel\u00ae Core\u2122<\/strong><\/span><strong><span style=\"color: #3366ff;\">\u00a0i5-1335U<\/span>\u00a0<\/strong>(Up to<strong>\u00a04.6 GHz Turbo max<\/strong>,\u00a0<strong>12 Mo<\/strong>\u00a0cache memory,\u00a0<strong>10-Cores<\/strong>) \u2013 Operating system:\u00a0<span style=\"color: #ff0000;\"><strong>FreeDos<\/strong><\/span>\u00a0\u2013 RAM memory:<strong>\u00a0<span style=\"color: #3366ff;\">16GB DDR4-3200MHz\u00a0<\/span><\/strong>\u2013 Hard Drive:<strong>\u00a0<span style=\"color: #ff0000;\">512 GB SSD<\/span>\u00a0<\/strong>\u2013 Graphics Card:\u00a0<span style=\"color: #3366ff;\"><strong>Intel\u00a0<\/strong><\/span><strong><span style=\"color: #3366ff;\">UHD Graphics<\/span>\u00a0<\/strong>avec WiFi, Bluetooth, 2x USB Type-A, 2x USB Type-C, 1x HDMI 2.1, 1x RJ-45, 1x prise st\u00e9r\u00e9o combin\u00e9e casque\/microphone, 1x prise d\u2019alimentation secteur &#8211;<strong>\u00a0Clavier HP Premium \u2013 avec pav\u00e9 num\u00e9rique, r\u00e9tro\u00e9clair\u00e9, \u00e9tanche<\/strong>\u00a0\u2013 Color: Silver \u2013<span style=\"color: #ff0000;\">\u00a0<strong>Warranty: 3 years<\/strong><\/span><\/p>","protected":false},"featured_media":3639,"comment_status":"open","ping_status":"closed","template":"","meta":[],"store":[200],"product_brand":[],"product_cat":[51,86],"product_tag":[],"class_list":{"0":"post-3635","1":"product","2":"type-product","3":"status-publish","4":"has-post-thumbnail","6":"store-hp","7":"product_cat-informatique","8":"product_cat-pc-portable","10":"first","11":"instock","12":"shipping-taxable","13":"purchasable","14":"product-type-simple"},"_links":{"self":[{"href":"https:\/\/mysmartservice.tn\/en\/wp-json\/wp\/v2\/product\/3635","targetHints":{"allow":["GET"]}}],"collection":[{"href":"https:\/\/mysmartservice.tn\/en\/wp-json\/wp\/v2\/product"}],"about":[{"href":"https:\/\/mysmartservice.tn\/en\/wp-json\/wp\/v2\/types\/product"}],"replies":[{"embeddable":true,"href":"https:\/\/mysmartservice.tn\/en\/wp-json\/wp\/v2\/comments?post=3635"}],"wp:featuredmedia":[{"embeddable":true,"href":"https:\/\/mysmartservice.tn\/en\/wp-json\/wp\/v2\/media\/3639"}],"wp:attachment":[{"href":"https:\/\/mysmartservice.tn\/en\/wp-json\/wp\/v2\/media?parent=3635"}],"wp:term":[{"taxonomy":"store","embeddable":true,"href":"https:\/\/mysmartservice.tn\/en\/wp-json\/wp\/v2\/store?post=3635"},{"taxonomy":"product_brand","embeddable":true,"href":"https:\/\/mysmartservice.tn\/en\/wp-json\/wp\/v2\/product_brand?post=3635"},{"taxonomy":"product_cat","embeddable":true,"href":"https:\/\/mysmartservice.tn\/en\/wp-json\/wp\/v2\/product_cat?post=3635"},{"taxonomy":"product_tag","embeddable":true,"href":"https:\/\/mysmartservice.tn\/en\/wp-json\/wp\/v2\/product_tag?post=3635"}],"curies":[{"name":"wp","href":"https:\/\/api.w.org\/{rel}","templated":true}]}}