{"id":3620,"date":"2025-02-03T00:08:02","date_gmt":"2025-02-03T00:08:02","guid":{"rendered":"https:\/\/mysmartservice.tn\/?post_type=product&#038;p=3620"},"modified":"2025-02-03T00:13:50","modified_gmt":"2025-02-03T00:13:50","slug":"montre-connectee-mibro-gs-active-gris","status":"publish","type":"product","link":"https:\/\/mysmartservice.tn\/en\/product\/montre-connectee-mibro-gs-active-gris\/","title":{"rendered":"MIBRO GS Active Smartwatch \u2013 Grey"},"content":{"rendered":"<p>MIBRO GS Active Smartwatch \u2013 Connectivity:\u00a0<strong>Bluetooth 5.3<\/strong>\u00a0- Screen\u00a0<strong>AMOLED 1.3\u2033<\/strong>\u00a0&#8211;\u00a0<strong>Bluetooth call and notifications \u2013 GPS<\/strong>\u00a0\u2013 Heart rate, blood oxygen monitor, sleep \u2013 10-axis motion sensor \u2013 Music control \u2013 Battery capacity:\u00a0<strong>400mah\u00a0<\/strong>\u2013 Autonomy:\u00a0<strong>20 days,\u00a0<\/strong>On standby:\u00a0<strong>60 days, GPS mode activated: 15 hours<\/strong>\u00a0\u2013 105+ Sports Modes \u2013 Waterproof:\u00a0<strong>5ATM\u00a0<\/strong>\u2013 Color: Gray \u2013 Warranty: 1 year<\/p>","protected":false},"excerpt":{"rendered":"<p>Montre Connect\u00e9e MIBRO GS Active &#8211; Connectivit\u00e9:\u00a0Bluetooth 5.3\u00a0&#8211; \u00c9cran\u00a0AMOLED 1.3&Prime;\u00a0&#8211;\u00a0Appel bluetooth et notifications &#8211; GPS\u00a0&#8211; Fr\u00e9quence cardiaque, moniteur d&rsquo;oxyg\u00e8ne sanguin, sommeil &#8211; Capteur de mouvement 10 axes &#8211; controle de musique &#8211; Capacit\u00e9 de batterie:\u00a0400mah\u00a0&#8211; Autonomie:\u00a020 jours,\u00a0En veille:\u00a060 jours, Mode GPS activ\u00e9: 15heures\u00a0&#8211; 105+ Modes sportifs &#8211; \u00c9tanche:\u00a05ATM\u00a0&#8211; Couleur: Gris &#8211; Garantie: 1an<\/p>","protected":false},"featured_media":3622,"comment_status":"open","ping_status":"closed","template":"","meta":[],"store":[199],"product_brand":[],"product_cat":[94,136],"product_tag":[],"class_list":{"0":"post-3620","1":"product","2":"type-product","3":"status-publish","4":"has-post-thumbnail","6":"store-mibro","7":"product_cat-telephonie-et-montre-connecte","8":"product_cat-smart-watches","10":"first","11":"instock","12":"shipping-taxable","13":"purchasable","14":"product-type-simple"},"_links":{"self":[{"href":"https:\/\/mysmartservice.tn\/en\/wp-json\/wp\/v2\/product\/3620","targetHints":{"allow":["GET"]}}],"collection":[{"href":"https:\/\/mysmartservice.tn\/en\/wp-json\/wp\/v2\/product"}],"about":[{"href":"https:\/\/mysmartservice.tn\/en\/wp-json\/wp\/v2\/types\/product"}],"replies":[{"embeddable":true,"href":"https:\/\/mysmartservice.tn\/en\/wp-json\/wp\/v2\/comments?post=3620"}],"wp:featuredmedia":[{"embeddable":true,"href":"https:\/\/mysmartservice.tn\/en\/wp-json\/wp\/v2\/media\/3622"}],"wp:attachment":[{"href":"https:\/\/mysmartservice.tn\/en\/wp-json\/wp\/v2\/media?parent=3620"}],"wp:term":[{"taxonomy":"store","embeddable":true,"href":"https:\/\/mysmartservice.tn\/en\/wp-json\/wp\/v2\/store?post=3620"},{"taxonomy":"product_brand","embeddable":true,"href":"https:\/\/mysmartservice.tn\/en\/wp-json\/wp\/v2\/product_brand?post=3620"},{"taxonomy":"product_cat","embeddable":true,"href":"https:\/\/mysmartservice.tn\/en\/wp-json\/wp\/v2\/product_cat?post=3620"},{"taxonomy":"product_tag","embeddable":true,"href":"https:\/\/mysmartservice.tn\/en\/wp-json\/wp\/v2\/product_tag?post=3620"}],"curies":[{"name":"wp","href":"https:\/\/api.w.org\/{rel}","templated":true}]}}