{"id":3614,"date":"2025-02-02T23:47:04","date_gmt":"2025-02-02T23:47:04","guid":{"rendered":"https:\/\/mysmartservice.tn\/?post_type=product&#038;p=3614"},"modified":"2025-02-02T23:52:40","modified_gmt":"2025-02-02T23:52:40","slug":"montre-connectee-8en1-a58-plus-silver","status":"publish","type":"product","link":"https:\/\/mysmartservice.tn\/en\/product\/montre-connectee-8en1-a58-plus-silver\/","title":{"rendered":"A58 Plus 8in1 Smartwatch \u2013 Silver"},"content":{"rendered":"<p><strong>Montre Connect\u00e9e 8en1 A58 Plus &#8211;\u00a0\u00c9cran\u00a0HD 2.02&Prime; (320*240px)\u00a0&#8211; Connectivit\u00e9:\u00a0Bluetooth 5.3\u00a0&#8211; Batterie:\u00a0280mAh\u00a0&#8211; Syst\u00e8me d&rsquo;exploitation:\u00a0Android ou iOS\u00a0&#8211; Fonction: Alarme horloge, Sommeil, Pisteur fitness, Rappel de T\u00e9l\u00e9phone, R\u00e9pondre \u00e0 un appel, Rappel de message, Composez un num\u00e9ro, Fr\u00e9quence cardiaque Tracker, Pedometer, Multiport Tracker &#8211; \u00c9tanche:\u00a0IP67\u00a0&#8211; Couleur: Silver &#8211; Garantie: 6 mois<\/strong><\/p>","protected":false},"excerpt":{"rendered":"<p>Montre Connect\u00e9e 8en1 A58 Plus &#8211;\u00a0\u00c9cran\u00a0HD 2.02&Prime; (320*240px)\u00a0&#8211; Connectivit\u00e9:\u00a0Bluetooth 5.3\u00a0&#8211; Batterie:\u00a0280mAh\u00a0&#8211; Syst\u00e8me d&rsquo;exploitation:\u00a0Android ou iOS\u00a0&#8211; Fonction: Alarme horloge, Sommeil, Pisteur fitness, Rappel de T\u00e9l\u00e9phone, R\u00e9pondre \u00e0 un appel, Rappel de message, Composez un num\u00e9ro, Fr\u00e9quence cardiaque Tracker, Pedometer, Multiport Tracker &#8211; \u00c9tanche:\u00a0IP67\u00a0&#8211; Couleur: Silver &#8211; Garantie: 6 mois<\/p>","protected":false},"featured_media":3615,"comment_status":"open","ping_status":"closed","template":"","meta":[],"store":[],"product_brand":[],"product_cat":[94,136],"product_tag":[],"class_list":{"0":"post-3614","1":"product","2":"type-product","3":"status-publish","4":"has-post-thumbnail","6":"product_cat-telephonie-et-montre-connecte","7":"product_cat-smart-watches","9":"first","10":"instock","11":"sale","12":"shipping-taxable","13":"purchasable","14":"product-type-simple"},"_links":{"self":[{"href":"https:\/\/mysmartservice.tn\/en\/wp-json\/wp\/v2\/product\/3614","targetHints":{"allow":["GET"]}}],"collection":[{"href":"https:\/\/mysmartservice.tn\/en\/wp-json\/wp\/v2\/product"}],"about":[{"href":"https:\/\/mysmartservice.tn\/en\/wp-json\/wp\/v2\/types\/product"}],"replies":[{"embeddable":true,"href":"https:\/\/mysmartservice.tn\/en\/wp-json\/wp\/v2\/comments?post=3614"}],"wp:featuredmedia":[{"embeddable":true,"href":"https:\/\/mysmartservice.tn\/en\/wp-json\/wp\/v2\/media\/3615"}],"wp:attachment":[{"href":"https:\/\/mysmartservice.tn\/en\/wp-json\/wp\/v2\/media?parent=3614"}],"wp:term":[{"taxonomy":"store","embeddable":true,"href":"https:\/\/mysmartservice.tn\/en\/wp-json\/wp\/v2\/store?post=3614"},{"taxonomy":"product_brand","embeddable":true,"href":"https:\/\/mysmartservice.tn\/en\/wp-json\/wp\/v2\/product_brand?post=3614"},{"taxonomy":"product_cat","embeddable":true,"href":"https:\/\/mysmartservice.tn\/en\/wp-json\/wp\/v2\/product_cat?post=3614"},{"taxonomy":"product_tag","embeddable":true,"href":"https:\/\/mysmartservice.tn\/en\/wp-json\/wp\/v2\/product_tag?post=3614"}],"curies":[{"name":"wp","href":"https:\/\/api.w.org\/{rel}","templated":true}]}}