{"id":3610,"date":"2025-02-02T23:33:22","date_gmt":"2025-02-02T23:33:22","guid":{"rendered":"https:\/\/mysmartservice.tn\/?post_type=product&#038;p=3610"},"modified":"2025-02-03T14:11:12","modified_gmt":"2025-02-03T14:11:12","slug":"coffret-w30-pro-max-ultra-2024-montre-connectee-airpods-noir","status":"publish","type":"product","link":"https:\/\/mysmartservice.tn\/en\/product\/coffret-w30-pro-max-ultra-2024-montre-connectee-airpods-noir\/","title":{"rendered":"W30 PRO MAX ULTRA 2024 Smartwatch + Airpods Box Set \u2013 Black"},"content":{"rendered":"<p>W30 PRO MAX ULTRA 2024 Box Set \u2013\u00a0<strong>Smart Watch\u00a0<\/strong>\u00a0\u2013 Connectivity:\u00a0<strong>Bluetooth\u00a0<\/strong>\u2013 A modern and elegant case with two interchangeable straps (orange and black) suitable for different styles and occasions \u2013 Compatibility: Android and iOS \u2013\u00a0\u00a0<strong>Airpod:<\/strong>\u00a0Connectivity:\u00a0<strong>Bluetooth<\/strong>\u00a0\u2013 Color: Black \u2013 Warranty: 3 months<\/p>\n<p><strong>+ Airpods<\/strong><\/p>\n<p><strong>+ 2 Belts<\/strong><\/p>","protected":false},"excerpt":{"rendered":"<p>Coffret W30 PRO MAX ULTRA 2024 &#8211;\u00a0Montre Connect\u00e9e\u00a0\u00a0&#8211; Connectivit\u00e9:\u00a0Bluetooth\u00a0&#8211; Un bo\u00eetier moderne et \u00e9l\u00e9gant avec deux bracelets interchangeables (orange et noir) adapt\u00e9s \u00e0 diff\u00e9rents styles et occasions &#8211; Compatibilit\u00e9: Android et iOS &#8211;\u00a0\u00a0Airpod:\u00a0Connectivit\u00e9:\u00a0Bluetooth\u00a0&#8211; Couleur: Noir &#8211; Garantie: 3mois + Airpods + 2 Ceintures<\/p>","protected":false},"featured_media":3613,"comment_status":"open","ping_status":"closed","template":"","meta":[],"store":[],"product_brand":[],"product_cat":[94,136],"product_tag":[],"class_list":{"0":"post-3610","1":"product","2":"type-product","3":"status-publish","4":"has-post-thumbnail","6":"product_cat-telephonie-et-montre-connecte","7":"product_cat-smart-watches","9":"first","10":"instock","11":"shipping-taxable","12":"purchasable","13":"product-type-simple"},"_links":{"self":[{"href":"https:\/\/mysmartservice.tn\/en\/wp-json\/wp\/v2\/product\/3610","targetHints":{"allow":["GET"]}}],"collection":[{"href":"https:\/\/mysmartservice.tn\/en\/wp-json\/wp\/v2\/product"}],"about":[{"href":"https:\/\/mysmartservice.tn\/en\/wp-json\/wp\/v2\/types\/product"}],"replies":[{"embeddable":true,"href":"https:\/\/mysmartservice.tn\/en\/wp-json\/wp\/v2\/comments?post=3610"}],"wp:featuredmedia":[{"embeddable":true,"href":"https:\/\/mysmartservice.tn\/en\/wp-json\/wp\/v2\/media\/3613"}],"wp:attachment":[{"href":"https:\/\/mysmartservice.tn\/en\/wp-json\/wp\/v2\/media?parent=3610"}],"wp:term":[{"taxonomy":"store","embeddable":true,"href":"https:\/\/mysmartservice.tn\/en\/wp-json\/wp\/v2\/store?post=3610"},{"taxonomy":"product_brand","embeddable":true,"href":"https:\/\/mysmartservice.tn\/en\/wp-json\/wp\/v2\/product_brand?post=3610"},{"taxonomy":"product_cat","embeddable":true,"href":"https:\/\/mysmartservice.tn\/en\/wp-json\/wp\/v2\/product_cat?post=3610"},{"taxonomy":"product_tag","embeddable":true,"href":"https:\/\/mysmartservice.tn\/en\/wp-json\/wp\/v2\/product_tag?post=3610"}],"curies":[{"name":"wp","href":"https:\/\/api.w.org\/{rel}","templated":true}]}}