{"id":3607,"date":"2025-02-02T23:27:05","date_gmt":"2025-02-02T23:27:05","guid":{"rendered":"https:\/\/mysmartservice.tn\/?post_type=product&#038;p=3607"},"modified":"2025-02-02T23:31:39","modified_gmt":"2025-02-02T23:31:39","slug":"montre-connectee-tk900d-45mm-noir","status":"publish","type":"product","link":"https:\/\/mysmartservice.tn\/en\/product\/montre-connectee-tk900d-45mm-noir\/","title":{"rendered":"TK900D 45MM Smartwatch \u2013 Black"},"content":{"rendered":"<p><strong>Montre Connect\u00e9e TK900D\u00a045MM\u00a0&#8211; \u00c9cran\u00a0HD 1.7&Prime;\u00a0(320*385px) &#8211; Connectivit\u00e9:\u00a0Bluetooth 5.0\u00a0&#8211; Batterie:\u00a0200mAh\u00a0&#8211; Autonomie:\u00a03 \u00e0 5 jours\u00a0&#8211;\u00a0Haut-parleur et microphone int\u00e9gr\u00e9s\u00a0&#8211; Moniteur de fr\u00e9quence cardiaque et de pression &#8211; Modes multisports &#8211; R\u00e9sistance \u00e0 l&rsquo;eau:\u00a0IP68\u00a0&#8211; Couleur: Noir &#8211; Garantie: 3mois<\/strong><\/p>","protected":false},"excerpt":{"rendered":"<p>Montre Connect\u00e9e TK900D\u00a045MM\u00a0&#8211; \u00c9cran\u00a0HD 1.7&Prime;\u00a0(320*385px) &#8211; Connectivit\u00e9:\u00a0Bluetooth 5.0\u00a0&#8211; Batterie:\u00a0200mAh\u00a0&#8211; Autonomie:\u00a03 \u00e0 5 jours\u00a0&#8211;\u00a0Haut-parleur et microphone int\u00e9gr\u00e9s\u00a0&#8211; Moniteur de fr\u00e9quence cardiaque et de pression &#8211; Modes multisports &#8211; R\u00e9sistance \u00e0 l&rsquo;eau:\u00a0IP68\u00a0&#8211; Couleur: Noir &#8211; Garantie: 3mois<\/p>","protected":false},"featured_media":3608,"comment_status":"open","ping_status":"closed","template":"","meta":[],"store":[],"product_brand":[],"product_cat":[94,136],"product_tag":[],"class_list":{"0":"post-3607","1":"product","2":"type-product","3":"status-publish","4":"has-post-thumbnail","6":"product_cat-telephonie-et-montre-connecte","7":"product_cat-smart-watches","9":"first","10":"instock","11":"shipping-taxable","12":"purchasable","13":"product-type-simple"},"_links":{"self":[{"href":"https:\/\/mysmartservice.tn\/en\/wp-json\/wp\/v2\/product\/3607","targetHints":{"allow":["GET"]}}],"collection":[{"href":"https:\/\/mysmartservice.tn\/en\/wp-json\/wp\/v2\/product"}],"about":[{"href":"https:\/\/mysmartservice.tn\/en\/wp-json\/wp\/v2\/types\/product"}],"replies":[{"embeddable":true,"href":"https:\/\/mysmartservice.tn\/en\/wp-json\/wp\/v2\/comments?post=3607"}],"wp:featuredmedia":[{"embeddable":true,"href":"https:\/\/mysmartservice.tn\/en\/wp-json\/wp\/v2\/media\/3608"}],"wp:attachment":[{"href":"https:\/\/mysmartservice.tn\/en\/wp-json\/wp\/v2\/media?parent=3607"}],"wp:term":[{"taxonomy":"store","embeddable":true,"href":"https:\/\/mysmartservice.tn\/en\/wp-json\/wp\/v2\/store?post=3607"},{"taxonomy":"product_brand","embeddable":true,"href":"https:\/\/mysmartservice.tn\/en\/wp-json\/wp\/v2\/product_brand?post=3607"},{"taxonomy":"product_cat","embeddable":true,"href":"https:\/\/mysmartservice.tn\/en\/wp-json\/wp\/v2\/product_cat?post=3607"},{"taxonomy":"product_tag","embeddable":true,"href":"https:\/\/mysmartservice.tn\/en\/wp-json\/wp\/v2\/product_tag?post=3607"}],"curies":[{"name":"wp","href":"https:\/\/api.w.org\/{rel}","templated":true}]}}