{"id":3600,"date":"2025-02-02T23:01:27","date_gmt":"2025-02-02T23:01:27","guid":{"rendered":"https:\/\/mysmartservice.tn\/?post_type=product&#038;p=3600"},"modified":"2025-02-07T00:51:22","modified_gmt":"2025-02-07T00:51:22","slug":"tablette-xiaomi-redmi-pad-se-8-7-4-go-64-go-4g-gris","status":"publish","type":"product","link":"https:\/\/mysmartservice.tn\/en\/product\/tablette-xiaomi-redmi-pad-se-8-7-4-go-64-go-4g-gris\/","title":{"rendered":"Xiaomi Redmi Pad SE Tablet 8.7\u2033 \/ 4 GB \/ 64 GB \/ 4G \/ Gray"},"content":{"rendered":"","protected":false},"excerpt":{"rendered":"<p><strong>Screen <span style=\"color: #ff0000;\">LCD 8.7<\/span>\u00a0\u00bb ( 1340 x 800\u00a0px),<span style=\"color: #3366ff;\"> 90 Hz<\/span>\u00a0&#8211; Processeur\u00a0MediaTek Helio G85 Technologie 12 nm, (8 c\u0153urs, CPU: ARM Cortex-A75 2.0 GHz \/ ARM Cortex-A55 1.8 GHz, GPU: ARM Mali-G52 MC2) &#8211; RAM:\u00a0<span style=\"color: #ff0000;\">4GB\u00a0<\/span>- Storage:\u00a0<span style=\"color: #ff0000;\">64 GB\u00a0<\/span>( Prend en charge le stockage extensible: jusqu&rsquo;\u00e0 2 To) &#8211; 1x micro &#8211; Double haut-parleur Dolby Atmos &#8211; 1x Prise casque 3.5 mm &#8211; Cam\u00e9ra arri\u00e8re:\u00a0<span style=\"color: #3366ff;\">8 MP\u00a0<\/span>&#8211; Cam\u00e9ra avant:\u00a0<span style=\"color: #3366ff;\">5 MP<\/span>\u00a0- Battery:\u00a0<span style=\"color: #ff0000;\">6650 mAh\u00a0<\/span>&#8211; Charge rapide USB Type-C 18 W &#8211; Wi-Fi 5 &#8211; Bluetooth 5.3 &#8211; Syst\u00e8me d&rsquo;exploitation: <span style=\"color: #3366ff;\">Xiaomi HyperOS, Android U<\/span> &#8211; Dimensions: 211.58 x 125.48 x 8.8 mm &#8211; Poids: 373 g &#8211; Couleur Gris &#8211;\u00a0<span style=\"color: #ff0000;\">Garantie 1 an<\/span><\/strong><\/p>","protected":false},"featured_media":3601,"comment_status":"open","ping_status":"closed","template":"","meta":[],"store":[123],"product_brand":[],"product_cat":[51,111],"product_tag":[],"class_list":{"0":"post-3600","1":"product","2":"type-product","3":"status-publish","4":"has-post-thumbnail","6":"store-xiaomi","7":"product_cat-informatique","8":"product_cat-tablettes","10":"first","11":"instock","12":"shipping-taxable","13":"purchasable","14":"product-type-simple"},"_links":{"self":[{"href":"https:\/\/mysmartservice.tn\/en\/wp-json\/wp\/v2\/product\/3600","targetHints":{"allow":["GET"]}}],"collection":[{"href":"https:\/\/mysmartservice.tn\/en\/wp-json\/wp\/v2\/product"}],"about":[{"href":"https:\/\/mysmartservice.tn\/en\/wp-json\/wp\/v2\/types\/product"}],"replies":[{"embeddable":true,"href":"https:\/\/mysmartservice.tn\/en\/wp-json\/wp\/v2\/comments?post=3600"}],"wp:featuredmedia":[{"embeddable":true,"href":"https:\/\/mysmartservice.tn\/en\/wp-json\/wp\/v2\/media\/3601"}],"wp:attachment":[{"href":"https:\/\/mysmartservice.tn\/en\/wp-json\/wp\/v2\/media?parent=3600"}],"wp:term":[{"taxonomy":"store","embeddable":true,"href":"https:\/\/mysmartservice.tn\/en\/wp-json\/wp\/v2\/store?post=3600"},{"taxonomy":"product_brand","embeddable":true,"href":"https:\/\/mysmartservice.tn\/en\/wp-json\/wp\/v2\/product_brand?post=3600"},{"taxonomy":"product_cat","embeddable":true,"href":"https:\/\/mysmartservice.tn\/en\/wp-json\/wp\/v2\/product_cat?post=3600"},{"taxonomy":"product_tag","embeddable":true,"href":"https:\/\/mysmartservice.tn\/en\/wp-json\/wp\/v2\/product_tag?post=3600"}],"curies":[{"name":"wp","href":"https:\/\/api.w.org\/{rel}","templated":true}]}}